{"id":134,"date":"2024-06-18T16:42:02","date_gmt":"2024-06-18T14:42:02","guid":{"rendered":"https:\/\/almofue.webs.upv.es\/UrbanTUR\/?page_id=134"},"modified":"2024-09-09T19:43:58","modified_gmt":"2024-09-09T17:43:58","slug":"david-gonzalez-medina","status":"publish","type":"page","link":"https:\/\/almofue.webs.upv.es\/UrbanTUR\/david-gonzalez-medina\/","title":{"rendered":"David Gonz\u00e1lez Medina"},"content":{"rendered":"[vc_row type=\u00bbfull_width_background\u00bb full_screen_row_position=\u00bbmiddle\u00bb column_margin=\u00bbdefault\u00bb column_direction=\u00bbdefault\u00bb column_direction_tablet=\u00bbdefault\u00bb column_direction_phone=\u00bbdefault\u00bb bg_image=\u00bb80&#8243; bg_position=\u00bbcenter top\u00bb background_image_loading=\u00bbdefault\u00bb bg_repeat=\u00bbno-repeat\u00bb scene_position=\u00bbcenter\u00bb top_padding=\u00bb70&#8243; constrain_group_1=\u00bbyes\u00bb bottom_padding=\u00bb70&#8243; text_color=\u00bbdark\u00bb text_align=\u00bbleft\u00bb row_border_radius=\u00bbnone\u00bb row_border_radius_applies=\u00bbbg\u00bb overflow=\u00bbvisible\u00bb overlay_strength=\u00bb0.3&#8243; gradient_direction=\u00bbleft_to_right\u00bb shape_divider_position=\u00bbbottom\u00bb bg_image_animation=\u00bbnone\u00bb gradient_type=\u00bbdefault\u00bb shape_type=\u00bb\u00bb][vc_column column_padding=\u00bbno-extra-padding\u00bb column_padding_tablet=\u00bbinherit\u00bb column_padding_phone=\u00bbinherit\u00bb column_padding_position=\u00bball\u00bb column_element_direction_desktop=\u00bbdefault\u00bb column_element_spacing=\u00bbdefault\u00bb centered_text=\u00bbtrue\u00bb desktop_text_alignment=\u00bbdefault\u00bb tablet_text_alignment=\u00bbdefault\u00bb phone_text_alignment=\u00bbdefault\u00bb background_color_opacity=\u00bb1&#8243; background_hover_color_opacity=\u00bb1&#8243; column_backdrop_filter=\u00bbnone\u00bb column_shadow=\u00bbnone\u00bb column_border_radius=\u00bbnone\u00bb column_link_target=\u00bb_self\u00bb column_position=\u00bbdefault\u00bb gradient_direction=\u00bbleft_to_right\u00bb overlay_strength=\u00bb0.3&#8243; width=\u00bb1\/3&#8243; tablet_width_inherit=\u00bbdefault\u00bb animation_type=\u00bbdefault\u00bb bg_image_animation=\u00bbnone\u00bb border_type=\u00bbsimple\u00bb column_border_width=\u00bbnone\u00bb column_border_style=\u00bbsolid\u00bb column_padding_type=\u00bbdefault\u00bb gradient_type=\u00bbdefault\u00bb][image_with_animation image_url=\u00bb72&#8243; image_size=\u00bbfull\u00bb animation_type=\u00bbentrance\u00bb animation=\u00bbNone\u00bb animation_movement_type=\u00bbtransform_y\u00bb hover_animation=\u00bbnone\u00bb alignment=\u00bbcenter\u00bb border_radius=\u00bbnone\u00bb box_shadow=\u00bbnone\u00bb image_loading=\u00bbdefault\u00bb max_width=\u00bb100%\u00bb max_width_mobile=\u00bbdefault\u00bb][vc_column_text css=\u00bb\u00bb text_direction=\u00bbdefault\u00bb]\n<p style=\"text-align: center;\">dgonzame@ull.edu.es<\/p>\n[\/vc_column_text][\/vc_column][vc_column column_padding=\u00bbno-extra-padding\u00bb column_padding_tablet=\u00bbinherit\u00bb column_padding_phone=\u00bbinherit\u00bb column_padding_position=\u00bball\u00bb column_element_direction_desktop=\u00bbdefault\u00bb column_element_spacing=\u00bbdefault\u00bb desktop_text_alignment=\u00bbdefault\u00bb tablet_text_alignment=\u00bbdefault\u00bb phone_text_alignment=\u00bbdefault\u00bb background_color_opacity=\u00bb1&#8243; background_hover_color_opacity=\u00bb1&#8243; column_backdrop_filter=\u00bbnone\u00bb column_shadow=\u00bbnone\u00bb column_border_radius=\u00bbnone\u00bb column_link_target=\u00bb_self\u00bb column_position=\u00bbdefault\u00bb gradient_direction=\u00bbleft_to_right\u00bb overlay_strength=\u00bb0.3&#8243; width=\u00bb1\/2&#8243; tablet_width_inherit=\u00bbdefault\u00bb animation_type=\u00bbdefault\u00bb bg_image_animation=\u00bbnone\u00bb border_type=\u00bbsimple\u00bb column_border_width=\u00bbnone\u00bb column_border_style=\u00bbsolid\u00bb column_padding_type=\u00bbdefault\u00bb gradient_type=\u00bbdefault\u00bb][vc_column_text css=\u00bb\u00bb text_direction=\u00bbdefault\u00bb]\n<h1>David Gonz\u00e1lez Medina<\/h1>\n<p>Investigador. Profesor (Venia Docendi)<br \/>\nGeograf\u00eda Humana (ULL)[\/vc_column_text][vc_column_text css=\u00bb\u00bb text_direction=\u00bbdefault\u00bb]Graduado en Geograf\u00eda y Ordenaci\u00f3n del Territorio por la Universidad de La Laguna (ULL). M\u00e1ster en Turismo Sostenible y Tecnolog\u00edas de la Informaci\u00f3n y la Comunicaci\u00f3n por la Universidad Oberta de Catalu\u00f1a (UOC). Investigador Grupo ReinvenTUR. Observatorio de la renovaci\u00f3n tur\u00edstica de Canarias. Miembro de la C\u00e1tedra de Turismo CajaCanarias-ASHOTEL. Posee amplia experiencia profesional en el sector empresarial relacionado con el ocio, y el turismo. Es socio fundador de un proyecto empresarial de recuperaci\u00f3n de patrimonio agr\u00edcola e industrial, relacionado con el turismo.<\/p>\n<p>Actualmente, Docente (Venia Docendi) de la asignatura \u201cAn\u00e1lisis territorial del Turismo\u201d del Grado de Geograf\u00eda y Ordenaci\u00f3n del Territorio (ULL). Profesor Tutor \u00a0del Grado de Turismo de la UNED.[\/vc_column_text][\/vc_column][vc_column column_padding=\u00bbno-extra-padding\u00bb column_padding_tablet=\u00bbinherit\u00bb column_padding_phone=\u00bbinherit\u00bb column_padding_position=\u00bball\u00bb column_element_direction_desktop=\u00bbdefault\u00bb column_element_spacing=\u00bbdefault\u00bb desktop_text_alignment=\u00bbdefault\u00bb tablet_text_alignment=\u00bbdefault\u00bb phone_text_alignment=\u00bbdefault\u00bb background_color_opacity=\u00bb1&#8243; background_hover_color_opacity=\u00bb1&#8243; column_backdrop_filter=\u00bbnone\u00bb column_shadow=\u00bbnone\u00bb column_border_radius=\u00bbnone\u00bb column_link_target=\u00bb_self\u00bb column_position=\u00bbdefault\u00bb gradient_direction=\u00bbleft_to_right\u00bb overlay_strength=\u00bb0.3&#8243; width=\u00bb1\/6&#8243; tablet_width_inherit=\u00bbdefault\u00bb animation_type=\u00bbdefault\u00bb bg_image_animation=\u00bbnone\u00bb border_type=\u00bbsimple\u00bb column_border_width=\u00bbnone\u00bb column_border_style=\u00bbsolid\u00bb column_padding_type=\u00bbdefault\u00bb gradient_type=\u00bbdefault\u00bb][\/vc_column][\/vc_row]\n","protected":false},"excerpt":{"rendered":"<p>[vc_row type=\u00bbfull_width_background\u00bb full_screen_row_position=\u00bbmiddle\u00bb column_margin=\u00bbdefault\u00bb column_direction=\u00bbdefault\u00bb column_direction_tablet=\u00bbdefault\u00bb column_direction_phone=\u00bbdefault\u00bb bg_image=\u00bb80&#8243; bg_position=\u00bbcenter top\u00bb background_image_loading=\u00bbdefault\u00bb bg_repeat=\u00bbno-repeat\u00bb scene_position=\u00bbcenter\u00bb top_padding=\u00bb70&#8243; constrain_group_1=\u00bbyes\u00bb bottom_padding=\u00bb70&#8243; text_color=\u00bbdark\u00bb text_align=\u00bbleft\u00bb row_border_radius=\u00bbnone\u00bb row_border_radius_applies=\u00bbbg\u00bb overflow=\u00bbvisible\u00bb overlay_strength=\u00bb0.3&#8243; gradient_direction=\u00bbleft_to_right\u00bb shape_divider_position=\u00bbbottom\u00bb bg_image_animation=\u00bbnone\u00bb gradient_type=\u00bbdefault\u00bb shape_type=\u00bb\u00bb][vc_column column_padding=\u00bbno-extra-padding\u00bb column_padding_tablet=\u00bbinherit\u00bb column_padding_phone=\u00bbinherit\u00bb&#8230;<\/p>\n","protected":false},"author":1,"featured_media":0,"parent":0,"menu_order":0,"comment_status":"closed","ping_status":"closed","template":"","meta":{"footnotes":""},"class_list":["post-134","page","type-page","status-publish"],"yoast_head":"<!-- This site is optimized with the Yoast SEO plugin v27.3 - https:\/\/yoast.com\/product\/yoast-seo-wordpress\/ -->\n<title>David Gonz\u00e1lez Medina - Urbantur. Transformando el litoral espa\u00f1ol<\/title>\n<meta name=\"robots\" content=\"index, follow, max-snippet:-1, max-image-preview:large, max-video-preview:-1\" \/>\n<link rel=\"canonical\" href=\"https:\/\/almofue.webs.upv.es\/UrbanTUR\/david-gonzalez-medina\/\" \/>\n<meta property=\"og:locale\" content=\"es_ES\" \/>\n<meta property=\"og:type\" content=\"article\" \/>\n<meta property=\"og:title\" content=\"David Gonz\u00e1lez Medina - Urbantur. Transformando el litoral espa\u00f1ol\" \/>\n<meta property=\"og:description\" content=\"[vc_row type=\u00bbfull_width_background\u00bb full_screen_row_position=\u00bbmiddle\u00bb column_margin=\u00bbdefault\u00bb column_direction=\u00bbdefault\u00bb column_direction_tablet=\u00bbdefault\u00bb column_direction_phone=\u00bbdefault\u00bb bg_image=\u00bb80&#8243; bg_position=\u00bbcenter top\u00bb background_image_loading=\u00bbdefault\u00bb bg_repeat=\u00bbno-repeat\u00bb scene_position=\u00bbcenter\u00bb top_padding=\u00bb70&#8243; constrain_group_1=\u00bbyes\u00bb bottom_padding=\u00bb70&#8243; text_color=\u00bbdark\u00bb text_align=\u00bbleft\u00bb row_border_radius=\u00bbnone\u00bb row_border_radius_applies=\u00bbbg\u00bb overflow=\u00bbvisible\u00bb overlay_strength=\u00bb0.3&#8243; gradient_direction=\u00bbleft_to_right\u00bb shape_divider_position=\u00bbbottom\u00bb bg_image_animation=\u00bbnone\u00bb gradient_type=\u00bbdefault\u00bb shape_type=\u00bb\u00bb][vc_column column_padding=\u00bbno-extra-padding\u00bb column_padding_tablet=\u00bbinherit\u00bb column_padding_phone=\u00bbinherit\u00bb...\" \/>\n<meta property=\"og:url\" content=\"https:\/\/almofue.webs.upv.es\/UrbanTUR\/david-gonzalez-medina\/\" \/>\n<meta property=\"og:site_name\" content=\"Urbantur. Transformando el litoral espa\u00f1ol\" \/>\n<meta property=\"article:modified_time\" content=\"2024-09-09T17:43:58+00:00\" \/>\n<meta name=\"twitter:card\" content=\"summary_large_image\" \/>\n<meta name=\"twitter:label1\" content=\"Tiempo de lectura\" \/>\n\t<meta name=\"twitter:data1\" content=\"2 minutos\" \/>\n<script type=\"application\/ld+json\" class=\"yoast-schema-graph\">{\"@context\":\"https:\\\/\\\/schema.org\",\"@graph\":[{\"@type\":\"WebPage\",\"@id\":\"https:\\\/\\\/almofue.webs.upv.es\\\/UrbanTUR\\\/david-gonzalez-medina\\\/\",\"url\":\"https:\\\/\\\/almofue.webs.upv.es\\\/UrbanTUR\\\/david-gonzalez-medina\\\/\",\"name\":\"David Gonz\u00e1lez Medina - Urbantur. Transformando el litoral espa\u00f1ol\",\"isPartOf\":{\"@id\":\"https:\\\/\\\/almofue.webs.upv.es\\\/UrbanTUR\\\/#website\"},\"datePublished\":\"2024-06-18T14:42:02+00:00\",\"dateModified\":\"2024-09-09T17:43:58+00:00\",\"breadcrumb\":{\"@id\":\"https:\\\/\\\/almofue.webs.upv.es\\\/UrbanTUR\\\/david-gonzalez-medina\\\/#breadcrumb\"},\"inLanguage\":\"es\",\"potentialAction\":[{\"@type\":\"ReadAction\",\"target\":[\"https:\\\/\\\/almofue.webs.upv.es\\\/UrbanTUR\\\/david-gonzalez-medina\\\/\"]}]},{\"@type\":\"BreadcrumbList\",\"@id\":\"https:\\\/\\\/almofue.webs.upv.es\\\/UrbanTUR\\\/david-gonzalez-medina\\\/#breadcrumb\",\"itemListElement\":[{\"@type\":\"ListItem\",\"position\":1,\"name\":\"Portada\",\"item\":\"https:\\\/\\\/almofue.webs.upv.es\\\/UrbanTUR\\\/\"},{\"@type\":\"ListItem\",\"position\":2,\"name\":\"David Gonz\u00e1lez Medina\"}]},{\"@type\":\"WebSite\",\"@id\":\"https:\\\/\\\/almofue.webs.upv.es\\\/UrbanTUR\\\/#website\",\"url\":\"https:\\\/\\\/almofue.webs.upv.es\\\/UrbanTUR\\\/\",\"name\":\"Urbantur. Transformando el litoral espa\u00f1ol\",\"description\":\"Hacia un turismo sostenible y regenerado\",\"potentialAction\":[{\"@type\":\"SearchAction\",\"target\":{\"@type\":\"EntryPoint\",\"urlTemplate\":\"https:\\\/\\\/almofue.webs.upv.es\\\/UrbanTUR\\\/?s={search_term_string}\"},\"query-input\":{\"@type\":\"PropertyValueSpecification\",\"valueRequired\":true,\"valueName\":\"search_term_string\"}}],\"inLanguage\":\"es\"}]}<\/script>\n<!-- \/ Yoast SEO plugin. -->","yoast_head_json":{"title":"David Gonz\u00e1lez Medina - Urbantur. Transformando el litoral espa\u00f1ol","robots":{"index":"index","follow":"follow","max-snippet":"max-snippet:-1","max-image-preview":"max-image-preview:large","max-video-preview":"max-video-preview:-1"},"canonical":"https:\/\/almofue.webs.upv.es\/UrbanTUR\/david-gonzalez-medina\/","og_locale":"es_ES","og_type":"article","og_title":"David Gonz\u00e1lez Medina - Urbantur. Transformando el litoral espa\u00f1ol","og_description":"[vc_row type=\u00bbfull_width_background\u00bb full_screen_row_position=\u00bbmiddle\u00bb column_margin=\u00bbdefault\u00bb column_direction=\u00bbdefault\u00bb column_direction_tablet=\u00bbdefault\u00bb column_direction_phone=\u00bbdefault\u00bb bg_image=\u00bb80&#8243; bg_position=\u00bbcenter top\u00bb background_image_loading=\u00bbdefault\u00bb bg_repeat=\u00bbno-repeat\u00bb scene_position=\u00bbcenter\u00bb top_padding=\u00bb70&#8243; constrain_group_1=\u00bbyes\u00bb bottom_padding=\u00bb70&#8243; text_color=\u00bbdark\u00bb text_align=\u00bbleft\u00bb row_border_radius=\u00bbnone\u00bb row_border_radius_applies=\u00bbbg\u00bb overflow=\u00bbvisible\u00bb overlay_strength=\u00bb0.3&#8243; gradient_direction=\u00bbleft_to_right\u00bb shape_divider_position=\u00bbbottom\u00bb bg_image_animation=\u00bbnone\u00bb gradient_type=\u00bbdefault\u00bb shape_type=\u00bb\u00bb][vc_column column_padding=\u00bbno-extra-padding\u00bb column_padding_tablet=\u00bbinherit\u00bb column_padding_phone=\u00bbinherit\u00bb...","og_url":"https:\/\/almofue.webs.upv.es\/UrbanTUR\/david-gonzalez-medina\/","og_site_name":"Urbantur. Transformando el litoral espa\u00f1ol","article_modified_time":"2024-09-09T17:43:58+00:00","twitter_card":"summary_large_image","twitter_misc":{"Tiempo de lectura":"2 minutos"},"schema":{"@context":"https:\/\/schema.org","@graph":[{"@type":"WebPage","@id":"https:\/\/almofue.webs.upv.es\/UrbanTUR\/david-gonzalez-medina\/","url":"https:\/\/almofue.webs.upv.es\/UrbanTUR\/david-gonzalez-medina\/","name":"David Gonz\u00e1lez Medina - Urbantur. Transformando el litoral espa\u00f1ol","isPartOf":{"@id":"https:\/\/almofue.webs.upv.es\/UrbanTUR\/#website"},"datePublished":"2024-06-18T14:42:02+00:00","dateModified":"2024-09-09T17:43:58+00:00","breadcrumb":{"@id":"https:\/\/almofue.webs.upv.es\/UrbanTUR\/david-gonzalez-medina\/#breadcrumb"},"inLanguage":"es","potentialAction":[{"@type":"ReadAction","target":["https:\/\/almofue.webs.upv.es\/UrbanTUR\/david-gonzalez-medina\/"]}]},{"@type":"BreadcrumbList","@id":"https:\/\/almofue.webs.upv.es\/UrbanTUR\/david-gonzalez-medina\/#breadcrumb","itemListElement":[{"@type":"ListItem","position":1,"name":"Portada","item":"https:\/\/almofue.webs.upv.es\/UrbanTUR\/"},{"@type":"ListItem","position":2,"name":"David Gonz\u00e1lez Medina"}]},{"@type":"WebSite","@id":"https:\/\/almofue.webs.upv.es\/UrbanTUR\/#website","url":"https:\/\/almofue.webs.upv.es\/UrbanTUR\/","name":"Urbantur. Transformando el litoral espa\u00f1ol","description":"Hacia un turismo sostenible y regenerado","potentialAction":[{"@type":"SearchAction","target":{"@type":"EntryPoint","urlTemplate":"https:\/\/almofue.webs.upv.es\/UrbanTUR\/?s={search_term_string}"},"query-input":{"@type":"PropertyValueSpecification","valueRequired":true,"valueName":"search_term_string"}}],"inLanguage":"es"}]}},"_links":{"self":[{"href":"https:\/\/almofue.webs.upv.es\/UrbanTUR\/wp-json\/wp\/v2\/pages\/134","targetHints":{"allow":["GET"]}}],"collection":[{"href":"https:\/\/almofue.webs.upv.es\/UrbanTUR\/wp-json\/wp\/v2\/pages"}],"about":[{"href":"https:\/\/almofue.webs.upv.es\/UrbanTUR\/wp-json\/wp\/v2\/types\/page"}],"author":[{"embeddable":true,"href":"https:\/\/almofue.webs.upv.es\/UrbanTUR\/wp-json\/wp\/v2\/users\/1"}],"replies":[{"embeddable":true,"href":"https:\/\/almofue.webs.upv.es\/UrbanTUR\/wp-json\/wp\/v2\/comments?post=134"}],"version-history":[{"count":6,"href":"https:\/\/almofue.webs.upv.es\/UrbanTUR\/wp-json\/wp\/v2\/pages\/134\/revisions"}],"predecessor-version":[{"id":290,"href":"https:\/\/almofue.webs.upv.es\/UrbanTUR\/wp-json\/wp\/v2\/pages\/134\/revisions\/290"}],"wp:attachment":[{"href":"https:\/\/almofue.webs.upv.es\/UrbanTUR\/wp-json\/wp\/v2\/media?parent=134"}],"curies":[{"name":"wp","href":"https:\/\/api.w.org\/{rel}","templated":true}]}}