{"id":132,"date":"2024-06-18T16:41:56","date_gmt":"2024-06-18T14:41:56","guid":{"rendered":"https:\/\/almofue.webs.upv.es\/UrbanTUR\/?page_id=132"},"modified":"2024-07-03T10:39:53","modified_gmt":"2024-07-03T08:39:53","slug":"raul-hernandez-martin","status":"publish","type":"page","link":"https:\/\/almofue.webs.upv.es\/UrbanTUR\/raul-hernandez-martin\/","title":{"rendered":"Ra\u00fal Hern\u00e1ndez-Mart\u00edn"},"content":{"rendered":"[vc_row type=\u00bbfull_width_background\u00bb full_screen_row_position=\u00bbmiddle\u00bb column_margin=\u00bbdefault\u00bb column_direction=\u00bbdefault\u00bb column_direction_tablet=\u00bbdefault\u00bb column_direction_phone=\u00bbdefault\u00bb bg_image=\u00bb80&#8243; bg_position=\u00bbcenter top\u00bb background_image_loading=\u00bbdefault\u00bb bg_repeat=\u00bbno-repeat\u00bb scene_position=\u00bbcenter\u00bb top_padding=\u00bb70&#8243; constrain_group_1=\u00bbyes\u00bb bottom_padding=\u00bb70&#8243; text_color=\u00bbdark\u00bb text_align=\u00bbleft\u00bb row_border_radius=\u00bbnone\u00bb row_border_radius_applies=\u00bbbg\u00bb overflow=\u00bbvisible\u00bb overlay_strength=\u00bb0.3&#8243; gradient_direction=\u00bbleft_to_right\u00bb shape_divider_position=\u00bbbottom\u00bb bg_image_animation=\u00bbnone\u00bb gradient_type=\u00bbdefault\u00bb shape_type=\u00bb\u00bb][vc_column column_padding=\u00bbno-extra-padding\u00bb column_padding_tablet=\u00bbinherit\u00bb column_padding_phone=\u00bbinherit\u00bb column_padding_position=\u00bball\u00bb column_element_direction_desktop=\u00bbdefault\u00bb column_element_spacing=\u00bbdefault\u00bb centered_text=\u00bbtrue\u00bb desktop_text_alignment=\u00bbdefault\u00bb tablet_text_alignment=\u00bbdefault\u00bb phone_text_alignment=\u00bbdefault\u00bb background_color_opacity=\u00bb1&#8243; background_hover_color_opacity=\u00bb1&#8243; column_backdrop_filter=\u00bbnone\u00bb column_shadow=\u00bbnone\u00bb column_border_radius=\u00bbnone\u00bb column_link_target=\u00bb_self\u00bb column_position=\u00bbdefault\u00bb gradient_direction=\u00bbleft_to_right\u00bb overlay_strength=\u00bb0.3&#8243; width=\u00bb1\/3&#8243; tablet_width_inherit=\u00bbdefault\u00bb animation_type=\u00bbdefault\u00bb bg_image_animation=\u00bbnone\u00bb border_type=\u00bbsimple\u00bb column_border_width=\u00bbnone\u00bb column_border_style=\u00bbsolid\u00bb column_padding_type=\u00bbdefault\u00bb gradient_type=\u00bbdefault\u00bb][image_with_animation image_url=\u00bb76&#8243; image_size=\u00bbfull\u00bb animation_type=\u00bbentrance\u00bb animation=\u00bbNone\u00bb animation_movement_type=\u00bbtransform_y\u00bb hover_animation=\u00bbnone\u00bb alignment=\u00bbcenter\u00bb border_radius=\u00bbnone\u00bb box_shadow=\u00bbnone\u00bb image_loading=\u00bbdefault\u00bb max_width=\u00bb100%\u00bb max_width_mobile=\u00bbdefault\u00bb][vc_column_text css=\u00bb\u00bb text_direction=\u00bbdefault\u00bb]\n<p style=\"text-align: center;\">rahernan@ull.edu.es<\/p>\n[\/vc_column_text][\/vc_column][vc_column column_padding=\u00bbno-extra-padding\u00bb column_padding_tablet=\u00bbinherit\u00bb column_padding_phone=\u00bbinherit\u00bb column_padding_position=\u00bball\u00bb column_element_direction_desktop=\u00bbdefault\u00bb column_element_spacing=\u00bbdefault\u00bb desktop_text_alignment=\u00bbdefault\u00bb tablet_text_alignment=\u00bbdefault\u00bb phone_text_alignment=\u00bbdefault\u00bb background_color_opacity=\u00bb1&#8243; background_hover_color_opacity=\u00bb1&#8243; column_backdrop_filter=\u00bbnone\u00bb column_shadow=\u00bbnone\u00bb column_border_radius=\u00bbnone\u00bb column_link_target=\u00bb_self\u00bb column_position=\u00bbdefault\u00bb gradient_direction=\u00bbleft_to_right\u00bb overlay_strength=\u00bb0.3&#8243; width=\u00bb1\/2&#8243; tablet_width_inherit=\u00bbdefault\u00bb animation_type=\u00bbdefault\u00bb bg_image_animation=\u00bbnone\u00bb border_type=\u00bbsimple\u00bb column_border_width=\u00bbnone\u00bb column_border_style=\u00bbsolid\u00bb column_padding_type=\u00bbdefault\u00bb gradient_type=\u00bbdefault\u00bb][vc_column_text css=\u00bb\u00bb text_direction=\u00bbdefault\u00bb]\n<h1>Ra\u00fal Hern\u00e1ndez-Mart\u00edn<\/h1>\n<p>Director de la C\u00e1tedra de Turismo CajaCanarias-Ashotel de la Universidad de La Laguna[\/vc_column_text][vc_column_text css=\u00bb\u00bb text_direction=\u00bbdefault\u00bb]Ra\u00fal Hern\u00e1ndez-Mart\u00edn es Profesor Titular en el Departamento de Econom\u00eda Aplicada y M\u00e9todos Cuantitativos de la Universidad de La Laguna. Obtuvo su doctorado en Econom\u00eda tras una estancia de investigaci\u00f3n en la Universidad de Ciencias Sociales de Toulouse. Ha sido director del programa de Doctorado en Turismo, del M\u00e1ster en Gesti\u00f3n y Planificaci\u00f3n del Turismo y actualmente ocupa la C\u00e1tedra de Turismo de la Universidad de La Laguna. Su investigaci\u00f3n ha sido publicada en Tourism Management, Tourism Economics, Current Issues in Tourism, la OMT o Journal of Sustainable Tourism.[\/vc_column_text][\/vc_column][vc_column column_padding=\u00bbno-extra-padding\u00bb column_padding_tablet=\u00bbinherit\u00bb column_padding_phone=\u00bbinherit\u00bb column_padding_position=\u00bball\u00bb column_element_direction_desktop=\u00bbdefault\u00bb column_element_spacing=\u00bbdefault\u00bb desktop_text_alignment=\u00bbdefault\u00bb tablet_text_alignment=\u00bbdefault\u00bb phone_text_alignment=\u00bbdefault\u00bb background_color_opacity=\u00bb1&#8243; background_hover_color_opacity=\u00bb1&#8243; column_backdrop_filter=\u00bbnone\u00bb column_shadow=\u00bbnone\u00bb column_border_radius=\u00bbnone\u00bb column_link_target=\u00bb_self\u00bb column_position=\u00bbdefault\u00bb gradient_direction=\u00bbleft_to_right\u00bb overlay_strength=\u00bb0.3&#8243; width=\u00bb1\/6&#8243; tablet_width_inherit=\u00bbdefault\u00bb animation_type=\u00bbdefault\u00bb bg_image_animation=\u00bbnone\u00bb border_type=\u00bbsimple\u00bb column_border_width=\u00bbnone\u00bb column_border_style=\u00bbsolid\u00bb column_padding_type=\u00bbdefault\u00bb gradient_type=\u00bbdefault\u00bb][\/vc_column][\/vc_row]\n","protected":false},"excerpt":{"rendered":"<p>[vc_row type=\u00bbfull_width_background\u00bb full_screen_row_position=\u00bbmiddle\u00bb column_margin=\u00bbdefault\u00bb column_direction=\u00bbdefault\u00bb column_direction_tablet=\u00bbdefault\u00bb column_direction_phone=\u00bbdefault\u00bb bg_image=\u00bb80&#8243; bg_position=\u00bbcenter top\u00bb background_image_loading=\u00bbdefault\u00bb bg_repeat=\u00bbno-repeat\u00bb scene_position=\u00bbcenter\u00bb top_padding=\u00bb70&#8243; constrain_group_1=\u00bbyes\u00bb bottom_padding=\u00bb70&#8243; text_color=\u00bbdark\u00bb text_align=\u00bbleft\u00bb row_border_radius=\u00bbnone\u00bb row_border_radius_applies=\u00bbbg\u00bb overflow=\u00bbvisible\u00bb overlay_strength=\u00bb0.3&#8243; gradient_direction=\u00bbleft_to_right\u00bb shape_divider_position=\u00bbbottom\u00bb bg_image_animation=\u00bbnone\u00bb gradient_type=\u00bbdefault\u00bb shape_type=\u00bb\u00bb][vc_column column_padding=\u00bbno-extra-padding\u00bb column_padding_tablet=\u00bbinherit\u00bb column_padding_phone=\u00bbinherit\u00bb&#8230;<\/p>\n","protected":false},"author":1,"featured_media":0,"parent":0,"menu_order":0,"comment_status":"closed","ping_status":"closed","template":"","meta":{"footnotes":""},"class_list":["post-132","page","type-page","status-publish"],"yoast_head":"<!-- This site is optimized with the Yoast SEO plugin v27.3 - https:\/\/yoast.com\/product\/yoast-seo-wordpress\/ -->\n<title>Ra\u00fal Hern\u00e1ndez-Mart\u00edn - Urbantur. Transformando el litoral espa\u00f1ol<\/title>\n<meta name=\"robots\" content=\"index, follow, max-snippet:-1, max-image-preview:large, max-video-preview:-1\" \/>\n<link rel=\"canonical\" href=\"https:\/\/almofue.webs.upv.es\/UrbanTUR\/raul-hernandez-martin\/\" \/>\n<meta property=\"og:locale\" content=\"es_ES\" \/>\n<meta property=\"og:type\" content=\"article\" \/>\n<meta property=\"og:title\" content=\"Ra\u00fal Hern\u00e1ndez-Mart\u00edn - Urbantur. Transformando el litoral espa\u00f1ol\" \/>\n<meta property=\"og:description\" content=\"[vc_row type=\u00bbfull_width_background\u00bb full_screen_row_position=\u00bbmiddle\u00bb column_margin=\u00bbdefault\u00bb column_direction=\u00bbdefault\u00bb column_direction_tablet=\u00bbdefault\u00bb column_direction_phone=\u00bbdefault\u00bb bg_image=\u00bb80&#8243; bg_position=\u00bbcenter top\u00bb background_image_loading=\u00bbdefault\u00bb bg_repeat=\u00bbno-repeat\u00bb scene_position=\u00bbcenter\u00bb top_padding=\u00bb70&#8243; constrain_group_1=\u00bbyes\u00bb bottom_padding=\u00bb70&#8243; text_color=\u00bbdark\u00bb text_align=\u00bbleft\u00bb row_border_radius=\u00bbnone\u00bb row_border_radius_applies=\u00bbbg\u00bb overflow=\u00bbvisible\u00bb overlay_strength=\u00bb0.3&#8243; gradient_direction=\u00bbleft_to_right\u00bb shape_divider_position=\u00bbbottom\u00bb bg_image_animation=\u00bbnone\u00bb gradient_type=\u00bbdefault\u00bb shape_type=\u00bb\u00bb][vc_column column_padding=\u00bbno-extra-padding\u00bb column_padding_tablet=\u00bbinherit\u00bb column_padding_phone=\u00bbinherit\u00bb...\" \/>\n<meta property=\"og:url\" content=\"https:\/\/almofue.webs.upv.es\/UrbanTUR\/raul-hernandez-martin\/\" \/>\n<meta property=\"og:site_name\" content=\"Urbantur. Transformando el litoral espa\u00f1ol\" \/>\n<meta property=\"article:modified_time\" content=\"2024-07-03T08:39:53+00:00\" \/>\n<meta name=\"twitter:card\" content=\"summary_large_image\" \/>\n<meta name=\"twitter:label1\" content=\"Tiempo de lectura\" \/>\n\t<meta name=\"twitter:data1\" content=\"3 minutos\" \/>\n<script type=\"application\/ld+json\" class=\"yoast-schema-graph\">{\"@context\":\"https:\\\/\\\/schema.org\",\"@graph\":[{\"@type\":\"WebPage\",\"@id\":\"https:\\\/\\\/almofue.webs.upv.es\\\/UrbanTUR\\\/raul-hernandez-martin\\\/\",\"url\":\"https:\\\/\\\/almofue.webs.upv.es\\\/UrbanTUR\\\/raul-hernandez-martin\\\/\",\"name\":\"Ra\u00fal Hern\u00e1ndez-Mart\u00edn - Urbantur. Transformando el litoral espa\u00f1ol\",\"isPartOf\":{\"@id\":\"https:\\\/\\\/almofue.webs.upv.es\\\/UrbanTUR\\\/#website\"},\"datePublished\":\"2024-06-18T14:41:56+00:00\",\"dateModified\":\"2024-07-03T08:39:53+00:00\",\"breadcrumb\":{\"@id\":\"https:\\\/\\\/almofue.webs.upv.es\\\/UrbanTUR\\\/raul-hernandez-martin\\\/#breadcrumb\"},\"inLanguage\":\"es\",\"potentialAction\":[{\"@type\":\"ReadAction\",\"target\":[\"https:\\\/\\\/almofue.webs.upv.es\\\/UrbanTUR\\\/raul-hernandez-martin\\\/\"]}]},{\"@type\":\"BreadcrumbList\",\"@id\":\"https:\\\/\\\/almofue.webs.upv.es\\\/UrbanTUR\\\/raul-hernandez-martin\\\/#breadcrumb\",\"itemListElement\":[{\"@type\":\"ListItem\",\"position\":1,\"name\":\"Portada\",\"item\":\"https:\\\/\\\/almofue.webs.upv.es\\\/UrbanTUR\\\/\"},{\"@type\":\"ListItem\",\"position\":2,\"name\":\"Ra\u00fal Hern\u00e1ndez-Mart\u00edn\"}]},{\"@type\":\"WebSite\",\"@id\":\"https:\\\/\\\/almofue.webs.upv.es\\\/UrbanTUR\\\/#website\",\"url\":\"https:\\\/\\\/almofue.webs.upv.es\\\/UrbanTUR\\\/\",\"name\":\"Urbantur. Transformando el litoral espa\u00f1ol\",\"description\":\"Hacia un turismo sostenible y regenerado\",\"potentialAction\":[{\"@type\":\"SearchAction\",\"target\":{\"@type\":\"EntryPoint\",\"urlTemplate\":\"https:\\\/\\\/almofue.webs.upv.es\\\/UrbanTUR\\\/?s={search_term_string}\"},\"query-input\":{\"@type\":\"PropertyValueSpecification\",\"valueRequired\":true,\"valueName\":\"search_term_string\"}}],\"inLanguage\":\"es\"}]}<\/script>\n<!-- \/ Yoast SEO plugin. -->","yoast_head_json":{"title":"Ra\u00fal Hern\u00e1ndez-Mart\u00edn - Urbantur. Transformando el litoral espa\u00f1ol","robots":{"index":"index","follow":"follow","max-snippet":"max-snippet:-1","max-image-preview":"max-image-preview:large","max-video-preview":"max-video-preview:-1"},"canonical":"https:\/\/almofue.webs.upv.es\/UrbanTUR\/raul-hernandez-martin\/","og_locale":"es_ES","og_type":"article","og_title":"Ra\u00fal Hern\u00e1ndez-Mart\u00edn - Urbantur. Transformando el litoral espa\u00f1ol","og_description":"[vc_row type=\u00bbfull_width_background\u00bb full_screen_row_position=\u00bbmiddle\u00bb column_margin=\u00bbdefault\u00bb column_direction=\u00bbdefault\u00bb column_direction_tablet=\u00bbdefault\u00bb column_direction_phone=\u00bbdefault\u00bb bg_image=\u00bb80&#8243; bg_position=\u00bbcenter top\u00bb background_image_loading=\u00bbdefault\u00bb bg_repeat=\u00bbno-repeat\u00bb scene_position=\u00bbcenter\u00bb top_padding=\u00bb70&#8243; constrain_group_1=\u00bbyes\u00bb bottom_padding=\u00bb70&#8243; text_color=\u00bbdark\u00bb text_align=\u00bbleft\u00bb row_border_radius=\u00bbnone\u00bb row_border_radius_applies=\u00bbbg\u00bb overflow=\u00bbvisible\u00bb overlay_strength=\u00bb0.3&#8243; gradient_direction=\u00bbleft_to_right\u00bb shape_divider_position=\u00bbbottom\u00bb bg_image_animation=\u00bbnone\u00bb gradient_type=\u00bbdefault\u00bb shape_type=\u00bb\u00bb][vc_column column_padding=\u00bbno-extra-padding\u00bb column_padding_tablet=\u00bbinherit\u00bb column_padding_phone=\u00bbinherit\u00bb...","og_url":"https:\/\/almofue.webs.upv.es\/UrbanTUR\/raul-hernandez-martin\/","og_site_name":"Urbantur. Transformando el litoral espa\u00f1ol","article_modified_time":"2024-07-03T08:39:53+00:00","twitter_card":"summary_large_image","twitter_misc":{"Tiempo de lectura":"3 minutos"},"schema":{"@context":"https:\/\/schema.org","@graph":[{"@type":"WebPage","@id":"https:\/\/almofue.webs.upv.es\/UrbanTUR\/raul-hernandez-martin\/","url":"https:\/\/almofue.webs.upv.es\/UrbanTUR\/raul-hernandez-martin\/","name":"Ra\u00fal Hern\u00e1ndez-Mart\u00edn - Urbantur. Transformando el litoral espa\u00f1ol","isPartOf":{"@id":"https:\/\/almofue.webs.upv.es\/UrbanTUR\/#website"},"datePublished":"2024-06-18T14:41:56+00:00","dateModified":"2024-07-03T08:39:53+00:00","breadcrumb":{"@id":"https:\/\/almofue.webs.upv.es\/UrbanTUR\/raul-hernandez-martin\/#breadcrumb"},"inLanguage":"es","potentialAction":[{"@type":"ReadAction","target":["https:\/\/almofue.webs.upv.es\/UrbanTUR\/raul-hernandez-martin\/"]}]},{"@type":"BreadcrumbList","@id":"https:\/\/almofue.webs.upv.es\/UrbanTUR\/raul-hernandez-martin\/#breadcrumb","itemListElement":[{"@type":"ListItem","position":1,"name":"Portada","item":"https:\/\/almofue.webs.upv.es\/UrbanTUR\/"},{"@type":"ListItem","position":2,"name":"Ra\u00fal Hern\u00e1ndez-Mart\u00edn"}]},{"@type":"WebSite","@id":"https:\/\/almofue.webs.upv.es\/UrbanTUR\/#website","url":"https:\/\/almofue.webs.upv.es\/UrbanTUR\/","name":"Urbantur. Transformando el litoral espa\u00f1ol","description":"Hacia un turismo sostenible y regenerado","potentialAction":[{"@type":"SearchAction","target":{"@type":"EntryPoint","urlTemplate":"https:\/\/almofue.webs.upv.es\/UrbanTUR\/?s={search_term_string}"},"query-input":{"@type":"PropertyValueSpecification","valueRequired":true,"valueName":"search_term_string"}}],"inLanguage":"es"}]}},"_links":{"self":[{"href":"https:\/\/almofue.webs.upv.es\/UrbanTUR\/wp-json\/wp\/v2\/pages\/132","targetHints":{"allow":["GET"]}}],"collection":[{"href":"https:\/\/almofue.webs.upv.es\/UrbanTUR\/wp-json\/wp\/v2\/pages"}],"about":[{"href":"https:\/\/almofue.webs.upv.es\/UrbanTUR\/wp-json\/wp\/v2\/types\/page"}],"author":[{"embeddable":true,"href":"https:\/\/almofue.webs.upv.es\/UrbanTUR\/wp-json\/wp\/v2\/users\/1"}],"replies":[{"embeddable":true,"href":"https:\/\/almofue.webs.upv.es\/UrbanTUR\/wp-json\/wp\/v2\/comments?post=132"}],"version-history":[{"count":4,"href":"https:\/\/almofue.webs.upv.es\/UrbanTUR\/wp-json\/wp\/v2\/pages\/132\/revisions"}],"predecessor-version":[{"id":212,"href":"https:\/\/almofue.webs.upv.es\/UrbanTUR\/wp-json\/wp\/v2\/pages\/132\/revisions\/212"}],"wp:attachment":[{"href":"https:\/\/almofue.webs.upv.es\/UrbanTUR\/wp-json\/wp\/v2\/media?parent=132"}],"curies":[{"name":"wp","href":"https:\/\/api.w.org\/{rel}","templated":true}]}}