{"id":128,"date":"2024-06-18T16:41:47","date_gmt":"2024-06-18T14:41:47","guid":{"rendered":"https:\/\/almofue.webs.upv.es\/UrbanTUR\/?page_id=128"},"modified":"2024-07-03T10:37:33","modified_gmt":"2024-07-03T08:37:33","slug":"almudena-nolasco-cirugeda","status":"publish","type":"page","link":"https:\/\/almofue.webs.upv.es\/UrbanTUR\/almudena-nolasco-cirugeda\/","title":{"rendered":"Almudena Nolasco Cirugeda"},"content":{"rendered":"[vc_row type=\u00bbfull_width_background\u00bb full_screen_row_position=\u00bbmiddle\u00bb column_margin=\u00bbdefault\u00bb column_direction=\u00bbdefault\u00bb column_direction_tablet=\u00bbdefault\u00bb column_direction_phone=\u00bbdefault\u00bb bg_image=\u00bb80&#8243; bg_position=\u00bbcenter top\u00bb background_image_loading=\u00bbdefault\u00bb bg_repeat=\u00bbno-repeat\u00bb scene_position=\u00bbcenter\u00bb top_padding=\u00bb70&#8243; constrain_group_1=\u00bbyes\u00bb bottom_padding=\u00bb70&#8243; text_color=\u00bbdark\u00bb text_align=\u00bbleft\u00bb row_border_radius=\u00bbnone\u00bb row_border_radius_applies=\u00bbbg\u00bb overflow=\u00bbvisible\u00bb overlay_strength=\u00bb0.3&#8243; gradient_direction=\u00bbleft_to_right\u00bb shape_divider_position=\u00bbbottom\u00bb bg_image_animation=\u00bbnone\u00bb gradient_type=\u00bbdefault\u00bb shape_type=\u00bb\u00bb][vc_column column_padding=\u00bbno-extra-padding\u00bb column_padding_tablet=\u00bbinherit\u00bb column_padding_phone=\u00bbinherit\u00bb column_padding_position=\u00bball\u00bb column_element_direction_desktop=\u00bbdefault\u00bb column_element_spacing=\u00bbdefault\u00bb centered_text=\u00bbtrue\u00bb desktop_text_alignment=\u00bbdefault\u00bb tablet_text_alignment=\u00bbdefault\u00bb phone_text_alignment=\u00bbdefault\u00bb background_color_opacity=\u00bb1&#8243; background_hover_color_opacity=\u00bb1&#8243; column_backdrop_filter=\u00bbnone\u00bb column_shadow=\u00bbnone\u00bb column_border_radius=\u00bbnone\u00bb column_link_target=\u00bb_self\u00bb column_position=\u00bbdefault\u00bb gradient_direction=\u00bbleft_to_right\u00bb overlay_strength=\u00bb0.3&#8243; width=\u00bb1\/3&#8243; tablet_width_inherit=\u00bbdefault\u00bb animation_type=\u00bbdefault\u00bb bg_image_animation=\u00bbnone\u00bb border_type=\u00bbsimple\u00bb column_border_width=\u00bbnone\u00bb column_border_style=\u00bbsolid\u00bb column_padding_type=\u00bbdefault\u00bb gradient_type=\u00bbdefault\u00bb][image_with_animation image_url=\u00bb69&#8243; image_size=\u00bbfull\u00bb animation_type=\u00bbentrance\u00bb animation=\u00bbNone\u00bb animation_movement_type=\u00bbtransform_y\u00bb hover_animation=\u00bbnone\u00bb alignment=\u00bbcenter\u00bb border_radius=\u00bbnone\u00bb box_shadow=\u00bbnone\u00bb image_loading=\u00bbdefault\u00bb max_width=\u00bb100%\u00bb max_width_mobile=\u00bbdefault\u00bb][vc_column_text css=\u00bb\u00bb text_direction=\u00bbdefault\u00bb]\n<p style=\"text-align: center;\">almudena.nolasco@ua.es<\/p>\n[\/vc_column_text][\/vc_column][vc_column column_padding=\u00bbno-extra-padding\u00bb column_padding_tablet=\u00bbinherit\u00bb column_padding_phone=\u00bbinherit\u00bb column_padding_position=\u00bball\u00bb column_element_direction_desktop=\u00bbdefault\u00bb column_element_spacing=\u00bbdefault\u00bb desktop_text_alignment=\u00bbdefault\u00bb tablet_text_alignment=\u00bbdefault\u00bb phone_text_alignment=\u00bbdefault\u00bb background_color_opacity=\u00bb1&#8243; background_hover_color_opacity=\u00bb1&#8243; column_backdrop_filter=\u00bbnone\u00bb column_shadow=\u00bbnone\u00bb column_border_radius=\u00bbnone\u00bb column_link_target=\u00bb_self\u00bb column_position=\u00bbdefault\u00bb gradient_direction=\u00bbleft_to_right\u00bb overlay_strength=\u00bb0.3&#8243; width=\u00bb1\/2&#8243; tablet_width_inherit=\u00bbdefault\u00bb animation_type=\u00bbdefault\u00bb bg_image_animation=\u00bbnone\u00bb border_type=\u00bbsimple\u00bb column_border_width=\u00bbnone\u00bb column_border_style=\u00bbsolid\u00bb column_padding_type=\u00bbdefault\u00bb gradient_type=\u00bbdefault\u00bb][vc_column_text css=\u00bb\u00bb text_direction=\u00bbdefault\u00bb]\n<h1>Almudena Nolasco Cirugeda<\/h1>\n<p>Profesora Titular de Universidad[\/vc_column_text][vc_column_text css=\u00bb\u00bb text_direction=\u00bbdefault\u00bb]Almudena Nolasco Cirugeda es Profesora Titular de Universidad, con un sexenio de investigaci\u00f3n reconocido por la CNEAI (2014\/2019) y un tramo de investigaci\u00f3n AVAP (2012\/2017). Sus aportaciones cient\u00edficas se construyen en el marco de dos l\u00edneas de investigaci\u00f3n que reciben apoyo de proyectos competitivos: la primera, el estudio del espacio urbano de ciudades tur\u00edsticas costeras contribuye a la mejora del conocimiento de las din\u00e1micas en ciudades tur\u00edsticas de sol y playa y, la segunda, el estudio de din\u00e1micas socio-funcionales a trav\u00e9s de datos geolocalizados de redes sociales aplicado tanto a la ciudad tur\u00edstica como a la ciudad convencional.<\/p>\n<p>Destaca su participaci\u00f3n en proyectos competitivos de \u00e1mbito estatal, como el de \u201cAn\u00e1lisis de procesos de planificaci\u00f3n aplicados a ciudades y destinos inteligentes. Balance y propuesta metodol\u00f3gica para espacios tur\u00edsticos: Smart Tourism Planning\u201d (2018-2020), en el que participa como integrante del equipo investigador; y otros de \u00e1mbito auton\u00f3mico como el proyecto \u201cVulnerabilidad y Resiliencia: Estrategias de regeneraci\u00f3n del tejido econ\u00f3mico urbano caracterizado seg\u00fan datos geolocalizados de redes sociales\u201d en el que es Investigadora Principal [4D CONSUMERSCAPES], financiado por la Generalitat Valenciana. Su trayectoria investigadora est\u00e1 avalada por m\u00e1s de 30 publicaciones indexadas, de entre las que pueden destacarse las siguientes por su aportaci\u00f3n al \u00e1mbito de la ciudad tur\u00edstica: Keeping mass tourism destinations sustainable via urban design (2020) publicado en Sustainable Development; Estrategias de ocupaci\u00f3n territorial en \u00e1reas tur\u00edsticas consolidadas de la Costa Blanca (Espa\u00f1a) (2018) publicado en el Bolet\u00edn de la Asociaci\u00f3n de Ge\u00f3grafos Espa\u00f1oles; Nuevas herramientas para la gesti\u00f3n de las ciudades y los territorios tur\u00edsticos (2018), cap\u00edtulo del libro \u201cGesti\u00f3n Inteligente y Sostenible de las Ciudades. Gobernanza, Smart cities y Turismo\u201d Editado por Tirant lo Blanch; o Assessment tools for urban sustainability policies in Spanish Mediterranean tourist areas (2017) publicado en Land Use Policy. Adem\u00e1s, participa con comunicaciones en m\u00e1s de 30 congresos (5 nacionales y 25 internacionales y en m\u00e1s de 10 convenios con entidades p\u00fablicas y privadas en los que se trabaja para la mejora de entornos urbanos de inter\u00e9s tur\u00edstico.[\/vc_column_text][\/vc_column][vc_column column_padding=\u00bbno-extra-padding\u00bb column_padding_tablet=\u00bbinherit\u00bb column_padding_phone=\u00bbinherit\u00bb column_padding_position=\u00bball\u00bb column_element_direction_desktop=\u00bbdefault\u00bb column_element_spacing=\u00bbdefault\u00bb desktop_text_alignment=\u00bbdefault\u00bb tablet_text_alignment=\u00bbdefault\u00bb phone_text_alignment=\u00bbdefault\u00bb background_color_opacity=\u00bb1&#8243; background_hover_color_opacity=\u00bb1&#8243; column_backdrop_filter=\u00bbnone\u00bb column_shadow=\u00bbnone\u00bb column_border_radius=\u00bbnone\u00bb column_link_target=\u00bb_self\u00bb column_position=\u00bbdefault\u00bb gradient_direction=\u00bbleft_to_right\u00bb overlay_strength=\u00bb0.3&#8243; width=\u00bb1\/6&#8243; tablet_width_inherit=\u00bbdefault\u00bb animation_type=\u00bbdefault\u00bb bg_image_animation=\u00bbnone\u00bb border_type=\u00bbsimple\u00bb column_border_width=\u00bbnone\u00bb column_border_style=\u00bbsolid\u00bb column_padding_type=\u00bbdefault\u00bb gradient_type=\u00bbdefault\u00bb][\/vc_column][\/vc_row]\n","protected":false},"excerpt":{"rendered":"<p>[vc_row type=\u00bbfull_width_background\u00bb full_screen_row_position=\u00bbmiddle\u00bb column_margin=\u00bbdefault\u00bb column_direction=\u00bbdefault\u00bb column_direction_tablet=\u00bbdefault\u00bb column_direction_phone=\u00bbdefault\u00bb bg_image=\u00bb80&#8243; bg_position=\u00bbcenter top\u00bb background_image_loading=\u00bbdefault\u00bb bg_repeat=\u00bbno-repeat\u00bb scene_position=\u00bbcenter\u00bb top_padding=\u00bb70&#8243; constrain_group_1=\u00bbyes\u00bb bottom_padding=\u00bb70&#8243; text_color=\u00bbdark\u00bb text_align=\u00bbleft\u00bb row_border_radius=\u00bbnone\u00bb row_border_radius_applies=\u00bbbg\u00bb overflow=\u00bbvisible\u00bb overlay_strength=\u00bb0.3&#8243; gradient_direction=\u00bbleft_to_right\u00bb shape_divider_position=\u00bbbottom\u00bb bg_image_animation=\u00bbnone\u00bb gradient_type=\u00bbdefault\u00bb shape_type=\u00bb\u00bb][vc_column column_padding=\u00bbno-extra-padding\u00bb column_padding_tablet=\u00bbinherit\u00bb column_padding_phone=\u00bbinherit\u00bb&#8230;<\/p>\n","protected":false},"author":1,"featured_media":0,"parent":0,"menu_order":0,"comment_status":"closed","ping_status":"closed","template":"","meta":{"footnotes":""},"class_list":["post-128","page","type-page","status-publish"],"yoast_head":"<!-- This site is optimized with the Yoast SEO plugin v27.3 - https:\/\/yoast.com\/product\/yoast-seo-wordpress\/ -->\n<title>Almudena Nolasco Cirugeda - Urbantur. Transformando el litoral espa\u00f1ol<\/title>\n<meta name=\"robots\" content=\"index, follow, max-snippet:-1, max-image-preview:large, max-video-preview:-1\" \/>\n<link rel=\"canonical\" href=\"https:\/\/almofue.webs.upv.es\/UrbanTUR\/almudena-nolasco-cirugeda\/\" \/>\n<meta property=\"og:locale\" content=\"es_ES\" \/>\n<meta property=\"og:type\" content=\"article\" \/>\n<meta property=\"og:title\" content=\"Almudena Nolasco Cirugeda - Urbantur. Transformando el litoral espa\u00f1ol\" \/>\n<meta property=\"og:description\" content=\"[vc_row type=\u00bbfull_width_background\u00bb full_screen_row_position=\u00bbmiddle\u00bb column_margin=\u00bbdefault\u00bb column_direction=\u00bbdefault\u00bb column_direction_tablet=\u00bbdefault\u00bb column_direction_phone=\u00bbdefault\u00bb bg_image=\u00bb80&#8243; bg_position=\u00bbcenter top\u00bb background_image_loading=\u00bbdefault\u00bb bg_repeat=\u00bbno-repeat\u00bb scene_position=\u00bbcenter\u00bb top_padding=\u00bb70&#8243; constrain_group_1=\u00bbyes\u00bb bottom_padding=\u00bb70&#8243; text_color=\u00bbdark\u00bb text_align=\u00bbleft\u00bb row_border_radius=\u00bbnone\u00bb row_border_radius_applies=\u00bbbg\u00bb overflow=\u00bbvisible\u00bb overlay_strength=\u00bb0.3&#8243; gradient_direction=\u00bbleft_to_right\u00bb shape_divider_position=\u00bbbottom\u00bb bg_image_animation=\u00bbnone\u00bb gradient_type=\u00bbdefault\u00bb shape_type=\u00bb\u00bb][vc_column column_padding=\u00bbno-extra-padding\u00bb column_padding_tablet=\u00bbinherit\u00bb column_padding_phone=\u00bbinherit\u00bb...\" \/>\n<meta property=\"og:url\" content=\"https:\/\/almofue.webs.upv.es\/UrbanTUR\/almudena-nolasco-cirugeda\/\" \/>\n<meta property=\"og:site_name\" content=\"Urbantur. Transformando el litoral espa\u00f1ol\" \/>\n<meta property=\"article:modified_time\" content=\"2024-07-03T08:37:33+00:00\" \/>\n<meta name=\"twitter:card\" content=\"summary_large_image\" \/>\n<meta name=\"twitter:label1\" content=\"Tiempo de lectura\" \/>\n\t<meta name=\"twitter:data1\" content=\"4 minutos\" \/>\n<script type=\"application\/ld+json\" class=\"yoast-schema-graph\">{\"@context\":\"https:\\\/\\\/schema.org\",\"@graph\":[{\"@type\":\"WebPage\",\"@id\":\"https:\\\/\\\/almofue.webs.upv.es\\\/UrbanTUR\\\/almudena-nolasco-cirugeda\\\/\",\"url\":\"https:\\\/\\\/almofue.webs.upv.es\\\/UrbanTUR\\\/almudena-nolasco-cirugeda\\\/\",\"name\":\"Almudena Nolasco Cirugeda - Urbantur. Transformando el litoral espa\u00f1ol\",\"isPartOf\":{\"@id\":\"https:\\\/\\\/almofue.webs.upv.es\\\/UrbanTUR\\\/#website\"},\"datePublished\":\"2024-06-18T14:41:47+00:00\",\"dateModified\":\"2024-07-03T08:37:33+00:00\",\"breadcrumb\":{\"@id\":\"https:\\\/\\\/almofue.webs.upv.es\\\/UrbanTUR\\\/almudena-nolasco-cirugeda\\\/#breadcrumb\"},\"inLanguage\":\"es\",\"potentialAction\":[{\"@type\":\"ReadAction\",\"target\":[\"https:\\\/\\\/almofue.webs.upv.es\\\/UrbanTUR\\\/almudena-nolasco-cirugeda\\\/\"]}]},{\"@type\":\"BreadcrumbList\",\"@id\":\"https:\\\/\\\/almofue.webs.upv.es\\\/UrbanTUR\\\/almudena-nolasco-cirugeda\\\/#breadcrumb\",\"itemListElement\":[{\"@type\":\"ListItem\",\"position\":1,\"name\":\"Portada\",\"item\":\"https:\\\/\\\/almofue.webs.upv.es\\\/UrbanTUR\\\/\"},{\"@type\":\"ListItem\",\"position\":2,\"name\":\"Almudena Nolasco Cirugeda\"}]},{\"@type\":\"WebSite\",\"@id\":\"https:\\\/\\\/almofue.webs.upv.es\\\/UrbanTUR\\\/#website\",\"url\":\"https:\\\/\\\/almofue.webs.upv.es\\\/UrbanTUR\\\/\",\"name\":\"Urbantur. Transformando el litoral espa\u00f1ol\",\"description\":\"Hacia un turismo sostenible y regenerado\",\"potentialAction\":[{\"@type\":\"SearchAction\",\"target\":{\"@type\":\"EntryPoint\",\"urlTemplate\":\"https:\\\/\\\/almofue.webs.upv.es\\\/UrbanTUR\\\/?s={search_term_string}\"},\"query-input\":{\"@type\":\"PropertyValueSpecification\",\"valueRequired\":true,\"valueName\":\"search_term_string\"}}],\"inLanguage\":\"es\"}]}<\/script>\n<!-- \/ Yoast SEO plugin. -->","yoast_head_json":{"title":"Almudena Nolasco Cirugeda - Urbantur. Transformando el litoral espa\u00f1ol","robots":{"index":"index","follow":"follow","max-snippet":"max-snippet:-1","max-image-preview":"max-image-preview:large","max-video-preview":"max-video-preview:-1"},"canonical":"https:\/\/almofue.webs.upv.es\/UrbanTUR\/almudena-nolasco-cirugeda\/","og_locale":"es_ES","og_type":"article","og_title":"Almudena Nolasco Cirugeda - Urbantur. Transformando el litoral espa\u00f1ol","og_description":"[vc_row type=\u00bbfull_width_background\u00bb full_screen_row_position=\u00bbmiddle\u00bb column_margin=\u00bbdefault\u00bb column_direction=\u00bbdefault\u00bb column_direction_tablet=\u00bbdefault\u00bb column_direction_phone=\u00bbdefault\u00bb bg_image=\u00bb80&#8243; bg_position=\u00bbcenter top\u00bb background_image_loading=\u00bbdefault\u00bb bg_repeat=\u00bbno-repeat\u00bb scene_position=\u00bbcenter\u00bb top_padding=\u00bb70&#8243; constrain_group_1=\u00bbyes\u00bb bottom_padding=\u00bb70&#8243; text_color=\u00bbdark\u00bb text_align=\u00bbleft\u00bb row_border_radius=\u00bbnone\u00bb row_border_radius_applies=\u00bbbg\u00bb overflow=\u00bbvisible\u00bb overlay_strength=\u00bb0.3&#8243; gradient_direction=\u00bbleft_to_right\u00bb shape_divider_position=\u00bbbottom\u00bb bg_image_animation=\u00bbnone\u00bb gradient_type=\u00bbdefault\u00bb shape_type=\u00bb\u00bb][vc_column column_padding=\u00bbno-extra-padding\u00bb column_padding_tablet=\u00bbinherit\u00bb column_padding_phone=\u00bbinherit\u00bb...","og_url":"https:\/\/almofue.webs.upv.es\/UrbanTUR\/almudena-nolasco-cirugeda\/","og_site_name":"Urbantur. Transformando el litoral espa\u00f1ol","article_modified_time":"2024-07-03T08:37:33+00:00","twitter_card":"summary_large_image","twitter_misc":{"Tiempo de lectura":"4 minutos"},"schema":{"@context":"https:\/\/schema.org","@graph":[{"@type":"WebPage","@id":"https:\/\/almofue.webs.upv.es\/UrbanTUR\/almudena-nolasco-cirugeda\/","url":"https:\/\/almofue.webs.upv.es\/UrbanTUR\/almudena-nolasco-cirugeda\/","name":"Almudena Nolasco Cirugeda - Urbantur. Transformando el litoral espa\u00f1ol","isPartOf":{"@id":"https:\/\/almofue.webs.upv.es\/UrbanTUR\/#website"},"datePublished":"2024-06-18T14:41:47+00:00","dateModified":"2024-07-03T08:37:33+00:00","breadcrumb":{"@id":"https:\/\/almofue.webs.upv.es\/UrbanTUR\/almudena-nolasco-cirugeda\/#breadcrumb"},"inLanguage":"es","potentialAction":[{"@type":"ReadAction","target":["https:\/\/almofue.webs.upv.es\/UrbanTUR\/almudena-nolasco-cirugeda\/"]}]},{"@type":"BreadcrumbList","@id":"https:\/\/almofue.webs.upv.es\/UrbanTUR\/almudena-nolasco-cirugeda\/#breadcrumb","itemListElement":[{"@type":"ListItem","position":1,"name":"Portada","item":"https:\/\/almofue.webs.upv.es\/UrbanTUR\/"},{"@type":"ListItem","position":2,"name":"Almudena Nolasco Cirugeda"}]},{"@type":"WebSite","@id":"https:\/\/almofue.webs.upv.es\/UrbanTUR\/#website","url":"https:\/\/almofue.webs.upv.es\/UrbanTUR\/","name":"Urbantur. Transformando el litoral espa\u00f1ol","description":"Hacia un turismo sostenible y regenerado","potentialAction":[{"@type":"SearchAction","target":{"@type":"EntryPoint","urlTemplate":"https:\/\/almofue.webs.upv.es\/UrbanTUR\/?s={search_term_string}"},"query-input":{"@type":"PropertyValueSpecification","valueRequired":true,"valueName":"search_term_string"}}],"inLanguage":"es"}]}},"_links":{"self":[{"href":"https:\/\/almofue.webs.upv.es\/UrbanTUR\/wp-json\/wp\/v2\/pages\/128","targetHints":{"allow":["GET"]}}],"collection":[{"href":"https:\/\/almofue.webs.upv.es\/UrbanTUR\/wp-json\/wp\/v2\/pages"}],"about":[{"href":"https:\/\/almofue.webs.upv.es\/UrbanTUR\/wp-json\/wp\/v2\/types\/page"}],"author":[{"embeddable":true,"href":"https:\/\/almofue.webs.upv.es\/UrbanTUR\/wp-json\/wp\/v2\/users\/1"}],"replies":[{"embeddable":true,"href":"https:\/\/almofue.webs.upv.es\/UrbanTUR\/wp-json\/wp\/v2\/comments?post=128"}],"version-history":[{"count":5,"href":"https:\/\/almofue.webs.upv.es\/UrbanTUR\/wp-json\/wp\/v2\/pages\/128\/revisions"}],"predecessor-version":[{"id":203,"href":"https:\/\/almofue.webs.upv.es\/UrbanTUR\/wp-json\/wp\/v2\/pages\/128\/revisions\/203"}],"wp:attachment":[{"href":"https:\/\/almofue.webs.upv.es\/UrbanTUR\/wp-json\/wp\/v2\/media?parent=128"}],"curies":[{"name":"wp","href":"https:\/\/api.w.org\/{rel}","templated":true}]}}