{"id":126,"date":"2024-06-18T16:41:43","date_gmt":"2024-06-18T14:41:43","guid":{"rendered":"https:\/\/almofue.webs.upv.es\/UrbanTUR\/?page_id=126"},"modified":"2024-07-03T10:37:13","modified_gmt":"2024-07-03T08:37:13","slug":"abel-lopez-diez","status":"publish","type":"page","link":"https:\/\/almofue.webs.upv.es\/UrbanTUR\/abel-lopez-diez\/","title":{"rendered":"Abel L\u00f3pez D\u00edez"},"content":{"rendered":"[vc_row type=\u00bbfull_width_background\u00bb full_screen_row_position=\u00bbmiddle\u00bb column_margin=\u00bbdefault\u00bb column_direction=\u00bbdefault\u00bb column_direction_tablet=\u00bbdefault\u00bb column_direction_phone=\u00bbdefault\u00bb bg_image=\u00bb80&#8243; bg_position=\u00bbcenter top\u00bb background_image_loading=\u00bbdefault\u00bb bg_repeat=\u00bbno-repeat\u00bb scene_position=\u00bbcenter\u00bb top_padding=\u00bb70&#8243; constrain_group_1=\u00bbyes\u00bb bottom_padding=\u00bb70&#8243; text_color=\u00bbdark\u00bb text_align=\u00bbleft\u00bb row_border_radius=\u00bbnone\u00bb row_border_radius_applies=\u00bbbg\u00bb overflow=\u00bbvisible\u00bb overlay_strength=\u00bb0.3&#8243; gradient_direction=\u00bbleft_to_right\u00bb shape_divider_position=\u00bbbottom\u00bb bg_image_animation=\u00bbnone\u00bb gradient_type=\u00bbdefault\u00bb shape_type=\u00bb\u00bb][vc_column column_padding=\u00bbno-extra-padding\u00bb column_padding_tablet=\u00bbinherit\u00bb column_padding_phone=\u00bbinherit\u00bb column_padding_position=\u00bball\u00bb column_element_direction_desktop=\u00bbdefault\u00bb column_element_spacing=\u00bbdefault\u00bb centered_text=\u00bbtrue\u00bb desktop_text_alignment=\u00bbdefault\u00bb tablet_text_alignment=\u00bbdefault\u00bb phone_text_alignment=\u00bbdefault\u00bb background_color_opacity=\u00bb1&#8243; background_hover_color_opacity=\u00bb1&#8243; column_backdrop_filter=\u00bbnone\u00bb column_shadow=\u00bbnone\u00bb column_border_radius=\u00bbnone\u00bb column_link_target=\u00bb_self\u00bb column_position=\u00bbdefault\u00bb gradient_direction=\u00bbleft_to_right\u00bb overlay_strength=\u00bb0.3&#8243; width=\u00bb1\/3&#8243; tablet_width_inherit=\u00bbdefault\u00bb animation_type=\u00bbdefault\u00bb bg_image_animation=\u00bbnone\u00bb border_type=\u00bbsimple\u00bb column_border_width=\u00bbnone\u00bb column_border_style=\u00bbsolid\u00bb column_padding_type=\u00bbdefault\u00bb gradient_type=\u00bbdefault\u00bb][image_with_animation image_url=\u00bb71&#8243; image_size=\u00bbfull\u00bb animation_type=\u00bbentrance\u00bb animation=\u00bbNone\u00bb animation_movement_type=\u00bbtransform_y\u00bb hover_animation=\u00bbnone\u00bb alignment=\u00bbcenter\u00bb border_radius=\u00bbnone\u00bb box_shadow=\u00bbnone\u00bb image_loading=\u00bbdefault\u00bb max_width=\u00bb100%\u00bb max_width_mobile=\u00bbdefault\u00bb][vc_column_text css=\u00bb\u00bb text_direction=\u00bbdefault\u00bb]\n<p style=\"text-align: center;\">alopezd@ull.edu.es<\/p>\n[\/vc_column_text][\/vc_column][vc_column column_padding=\u00bbno-extra-padding\u00bb column_padding_tablet=\u00bbinherit\u00bb column_padding_phone=\u00bbinherit\u00bb column_padding_position=\u00bball\u00bb column_element_direction_desktop=\u00bbdefault\u00bb column_element_spacing=\u00bbdefault\u00bb desktop_text_alignment=\u00bbdefault\u00bb tablet_text_alignment=\u00bbdefault\u00bb phone_text_alignment=\u00bbdefault\u00bb background_color_opacity=\u00bb1&#8243; background_hover_color_opacity=\u00bb1&#8243; column_backdrop_filter=\u00bbnone\u00bb column_shadow=\u00bbnone\u00bb column_border_radius=\u00bbnone\u00bb column_link_target=\u00bb_self\u00bb column_position=\u00bbdefault\u00bb gradient_direction=\u00bbleft_to_right\u00bb overlay_strength=\u00bb0.3&#8243; width=\u00bb1\/2&#8243; tablet_width_inherit=\u00bbdefault\u00bb animation_type=\u00bbdefault\u00bb bg_image_animation=\u00bbnone\u00bb border_type=\u00bbsimple\u00bb column_border_width=\u00bbnone\u00bb column_border_style=\u00bbsolid\u00bb column_padding_type=\u00bbdefault\u00bb gradient_type=\u00bbdefault\u00bb][vc_column_text css=\u00bb\u00bb text_direction=\u00bbdefault\u00bb]\n<h1>Abel L\u00f3pez D\u00edez<\/h1>\n<p>Profesor Ayudante Doctor de Geograf\u00eda F\u00edsica<br \/>\nUniversidad de La Laguna[\/vc_column_text][vc_column_text css=\u00bb\u00bb text_direction=\u00bbdefault\u00bb]Doctor con Menci\u00f3n Internacional en Geograf\u00eda F\u00edsica y Licenciado en Geograf\u00eda por la Universidad de La Laguna (Premio Extraordinario Fin de Carrera). Adem\u00e1s, obtuvo el Premio de Excelencia Acad\u00e9mica de la Universidad de La Laguna y La Caixa, dentro de la rama de Humanidades. M\u00e1ster en Gesti\u00f3n y Planificaci\u00f3n de Riesgos Naturales en la Universidad de Alicante (Premio Extraordinario Fin de M\u00e1ster). Durante el a\u00f1o 2012 obtuvo una Beca de Colaboraci\u00f3n del Ministerio de Educaci\u00f3n y Ciencia de Espa\u00f1a, bajo la tutorizaci\u00f3n del Dr. Pedro Dorta Antequera, para la elaboraci\u00f3n de una base de datos clim\u00e1tica para Canarias. En 2015 obtuvo una beca competitiva nacional de Formaci\u00f3n del Profesorado Universitario (FPU) para desarrollar sus estudios de doctorado. Ha participado en m\u00e1s de una veintena de cursos de formaci\u00f3n internacionales organizados por entidades como la Universidad de La Laguna o el Centro de Formaci\u00f3n Internacional de Naciones Unidas (ITCILO). Adem\u00e1s, desde 2014 forma parte de la c\u00e1tedra universitaria Reducci\u00f3n del Riesgo de Desastres y Ciudades Resilientes de la Universidad de La Laguna donde ha desarrollado m\u00faltiples proyectos y art\u00edculos de investigaci\u00f3n vinculados con la adaptaci\u00f3n al cambio clim\u00e1tico, la planificaci\u00f3n de emergencias y la evaluaci\u00f3n local del riesgo. Su investigaci\u00f3n doctoral se centr\u00f3 en los fen\u00f3menos meteorol\u00f3gicos extremos y la evaluaci\u00f3n del riesgo como forma de adaptaci\u00f3n ante ellos, focalizando en los territorios insulares como las islas Canarias. Durante el curso acad\u00e9mico 2019\/2020 realiz\u00f3 una estancia internacional en el Northeast Climate Adaptation Science Center (NCASC) de la Universidad de Massachussets en Boston. Ha formado parte del equipo de revisores del VI Informe del Panel Intergubernamental del Cambio Clim\u00e1tico (IPCC). En la actualidad es miembro del Comit\u00e9 de Expertos para el Estudio del Cambio Clim\u00e1tico y el Fomento de la Econom\u00eda Circular y Azul del Gobierno de Canarias.[\/vc_column_text][\/vc_column][vc_column column_padding=\u00bbno-extra-padding\u00bb column_padding_tablet=\u00bbinherit\u00bb column_padding_phone=\u00bbinherit\u00bb column_padding_position=\u00bball\u00bb column_element_direction_desktop=\u00bbdefault\u00bb column_element_spacing=\u00bbdefault\u00bb desktop_text_alignment=\u00bbdefault\u00bb tablet_text_alignment=\u00bbdefault\u00bb phone_text_alignment=\u00bbdefault\u00bb background_color_opacity=\u00bb1&#8243; background_hover_color_opacity=\u00bb1&#8243; column_backdrop_filter=\u00bbnone\u00bb column_shadow=\u00bbnone\u00bb column_border_radius=\u00bbnone\u00bb column_link_target=\u00bb_self\u00bb column_position=\u00bbdefault\u00bb gradient_direction=\u00bbleft_to_right\u00bb overlay_strength=\u00bb0.3&#8243; width=\u00bb1\/6&#8243; tablet_width_inherit=\u00bbdefault\u00bb animation_type=\u00bbdefault\u00bb bg_image_animation=\u00bbnone\u00bb border_type=\u00bbsimple\u00bb column_border_width=\u00bbnone\u00bb column_border_style=\u00bbsolid\u00bb column_padding_type=\u00bbdefault\u00bb gradient_type=\u00bbdefault\u00bb][\/vc_column][\/vc_row]\n","protected":false},"excerpt":{"rendered":"<p>[vc_row type=\u00bbfull_width_background\u00bb full_screen_row_position=\u00bbmiddle\u00bb column_margin=\u00bbdefault\u00bb column_direction=\u00bbdefault\u00bb column_direction_tablet=\u00bbdefault\u00bb column_direction_phone=\u00bbdefault\u00bb bg_image=\u00bb80&#8243; bg_position=\u00bbcenter top\u00bb background_image_loading=\u00bbdefault\u00bb bg_repeat=\u00bbno-repeat\u00bb scene_position=\u00bbcenter\u00bb top_padding=\u00bb70&#8243; constrain_group_1=\u00bbyes\u00bb bottom_padding=\u00bb70&#8243; text_color=\u00bbdark\u00bb text_align=\u00bbleft\u00bb row_border_radius=\u00bbnone\u00bb row_border_radius_applies=\u00bbbg\u00bb overflow=\u00bbvisible\u00bb overlay_strength=\u00bb0.3&#8243; gradient_direction=\u00bbleft_to_right\u00bb shape_divider_position=\u00bbbottom\u00bb bg_image_animation=\u00bbnone\u00bb gradient_type=\u00bbdefault\u00bb shape_type=\u00bb\u00bb][vc_column column_padding=\u00bbno-extra-padding\u00bb column_padding_tablet=\u00bbinherit\u00bb column_padding_phone=\u00bbinherit\u00bb&#8230;<\/p>\n","protected":false},"author":1,"featured_media":0,"parent":0,"menu_order":0,"comment_status":"closed","ping_status":"closed","template":"","meta":{"footnotes":""},"class_list":["post-126","page","type-page","status-publish"],"yoast_head":"<!-- This site is optimized with the Yoast SEO plugin v27.3 - https:\/\/yoast.com\/product\/yoast-seo-wordpress\/ -->\n<title>Abel L\u00f3pez D\u00edez - Urbantur. Transformando el litoral espa\u00f1ol<\/title>\n<meta name=\"robots\" content=\"index, follow, max-snippet:-1, max-image-preview:large, max-video-preview:-1\" \/>\n<link rel=\"canonical\" href=\"https:\/\/almofue.webs.upv.es\/UrbanTUR\/abel-lopez-diez\/\" \/>\n<meta property=\"og:locale\" content=\"es_ES\" \/>\n<meta property=\"og:type\" content=\"article\" \/>\n<meta property=\"og:title\" content=\"Abel L\u00f3pez D\u00edez - Urbantur. Transformando el litoral espa\u00f1ol\" \/>\n<meta property=\"og:description\" content=\"[vc_row type=\u00bbfull_width_background\u00bb full_screen_row_position=\u00bbmiddle\u00bb column_margin=\u00bbdefault\u00bb column_direction=\u00bbdefault\u00bb column_direction_tablet=\u00bbdefault\u00bb column_direction_phone=\u00bbdefault\u00bb bg_image=\u00bb80&#8243; bg_position=\u00bbcenter top\u00bb background_image_loading=\u00bbdefault\u00bb bg_repeat=\u00bbno-repeat\u00bb scene_position=\u00bbcenter\u00bb top_padding=\u00bb70&#8243; constrain_group_1=\u00bbyes\u00bb bottom_padding=\u00bb70&#8243; text_color=\u00bbdark\u00bb text_align=\u00bbleft\u00bb row_border_radius=\u00bbnone\u00bb row_border_radius_applies=\u00bbbg\u00bb overflow=\u00bbvisible\u00bb overlay_strength=\u00bb0.3&#8243; gradient_direction=\u00bbleft_to_right\u00bb shape_divider_position=\u00bbbottom\u00bb bg_image_animation=\u00bbnone\u00bb gradient_type=\u00bbdefault\u00bb shape_type=\u00bb\u00bb][vc_column column_padding=\u00bbno-extra-padding\u00bb column_padding_tablet=\u00bbinherit\u00bb column_padding_phone=\u00bbinherit\u00bb...\" \/>\n<meta property=\"og:url\" content=\"https:\/\/almofue.webs.upv.es\/UrbanTUR\/abel-lopez-diez\/\" \/>\n<meta property=\"og:site_name\" content=\"Urbantur. Transformando el litoral espa\u00f1ol\" \/>\n<meta property=\"article:modified_time\" content=\"2024-07-03T08:37:13+00:00\" \/>\n<meta name=\"twitter:card\" content=\"summary_large_image\" \/>\n<meta name=\"twitter:label1\" content=\"Tiempo de lectura\" \/>\n\t<meta name=\"twitter:data1\" content=\"4 minutos\" \/>\n<script type=\"application\/ld+json\" class=\"yoast-schema-graph\">{\"@context\":\"https:\\\/\\\/schema.org\",\"@graph\":[{\"@type\":\"WebPage\",\"@id\":\"https:\\\/\\\/almofue.webs.upv.es\\\/UrbanTUR\\\/abel-lopez-diez\\\/\",\"url\":\"https:\\\/\\\/almofue.webs.upv.es\\\/UrbanTUR\\\/abel-lopez-diez\\\/\",\"name\":\"Abel L\u00f3pez D\u00edez - Urbantur. Transformando el litoral espa\u00f1ol\",\"isPartOf\":{\"@id\":\"https:\\\/\\\/almofue.webs.upv.es\\\/UrbanTUR\\\/#website\"},\"datePublished\":\"2024-06-18T14:41:43+00:00\",\"dateModified\":\"2024-07-03T08:37:13+00:00\",\"breadcrumb\":{\"@id\":\"https:\\\/\\\/almofue.webs.upv.es\\\/UrbanTUR\\\/abel-lopez-diez\\\/#breadcrumb\"},\"inLanguage\":\"es\",\"potentialAction\":[{\"@type\":\"ReadAction\",\"target\":[\"https:\\\/\\\/almofue.webs.upv.es\\\/UrbanTUR\\\/abel-lopez-diez\\\/\"]}]},{\"@type\":\"BreadcrumbList\",\"@id\":\"https:\\\/\\\/almofue.webs.upv.es\\\/UrbanTUR\\\/abel-lopez-diez\\\/#breadcrumb\",\"itemListElement\":[{\"@type\":\"ListItem\",\"position\":1,\"name\":\"Portada\",\"item\":\"https:\\\/\\\/almofue.webs.upv.es\\\/UrbanTUR\\\/\"},{\"@type\":\"ListItem\",\"position\":2,\"name\":\"Abel L\u00f3pez D\u00edez\"}]},{\"@type\":\"WebSite\",\"@id\":\"https:\\\/\\\/almofue.webs.upv.es\\\/UrbanTUR\\\/#website\",\"url\":\"https:\\\/\\\/almofue.webs.upv.es\\\/UrbanTUR\\\/\",\"name\":\"Urbantur. Transformando el litoral espa\u00f1ol\",\"description\":\"Hacia un turismo sostenible y regenerado\",\"potentialAction\":[{\"@type\":\"SearchAction\",\"target\":{\"@type\":\"EntryPoint\",\"urlTemplate\":\"https:\\\/\\\/almofue.webs.upv.es\\\/UrbanTUR\\\/?s={search_term_string}\"},\"query-input\":{\"@type\":\"PropertyValueSpecification\",\"valueRequired\":true,\"valueName\":\"search_term_string\"}}],\"inLanguage\":\"es\"}]}<\/script>\n<!-- \/ Yoast SEO plugin. -->","yoast_head_json":{"title":"Abel L\u00f3pez D\u00edez - Urbantur. Transformando el litoral espa\u00f1ol","robots":{"index":"index","follow":"follow","max-snippet":"max-snippet:-1","max-image-preview":"max-image-preview:large","max-video-preview":"max-video-preview:-1"},"canonical":"https:\/\/almofue.webs.upv.es\/UrbanTUR\/abel-lopez-diez\/","og_locale":"es_ES","og_type":"article","og_title":"Abel L\u00f3pez D\u00edez - Urbantur. Transformando el litoral espa\u00f1ol","og_description":"[vc_row type=\u00bbfull_width_background\u00bb full_screen_row_position=\u00bbmiddle\u00bb column_margin=\u00bbdefault\u00bb column_direction=\u00bbdefault\u00bb column_direction_tablet=\u00bbdefault\u00bb column_direction_phone=\u00bbdefault\u00bb bg_image=\u00bb80&#8243; bg_position=\u00bbcenter top\u00bb background_image_loading=\u00bbdefault\u00bb bg_repeat=\u00bbno-repeat\u00bb scene_position=\u00bbcenter\u00bb top_padding=\u00bb70&#8243; constrain_group_1=\u00bbyes\u00bb bottom_padding=\u00bb70&#8243; text_color=\u00bbdark\u00bb text_align=\u00bbleft\u00bb row_border_radius=\u00bbnone\u00bb row_border_radius_applies=\u00bbbg\u00bb overflow=\u00bbvisible\u00bb overlay_strength=\u00bb0.3&#8243; gradient_direction=\u00bbleft_to_right\u00bb shape_divider_position=\u00bbbottom\u00bb bg_image_animation=\u00bbnone\u00bb gradient_type=\u00bbdefault\u00bb shape_type=\u00bb\u00bb][vc_column column_padding=\u00bbno-extra-padding\u00bb column_padding_tablet=\u00bbinherit\u00bb column_padding_phone=\u00bbinherit\u00bb...","og_url":"https:\/\/almofue.webs.upv.es\/UrbanTUR\/abel-lopez-diez\/","og_site_name":"Urbantur. Transformando el litoral espa\u00f1ol","article_modified_time":"2024-07-03T08:37:13+00:00","twitter_card":"summary_large_image","twitter_misc":{"Tiempo de lectura":"4 minutos"},"schema":{"@context":"https:\/\/schema.org","@graph":[{"@type":"WebPage","@id":"https:\/\/almofue.webs.upv.es\/UrbanTUR\/abel-lopez-diez\/","url":"https:\/\/almofue.webs.upv.es\/UrbanTUR\/abel-lopez-diez\/","name":"Abel L\u00f3pez D\u00edez - Urbantur. Transformando el litoral espa\u00f1ol","isPartOf":{"@id":"https:\/\/almofue.webs.upv.es\/UrbanTUR\/#website"},"datePublished":"2024-06-18T14:41:43+00:00","dateModified":"2024-07-03T08:37:13+00:00","breadcrumb":{"@id":"https:\/\/almofue.webs.upv.es\/UrbanTUR\/abel-lopez-diez\/#breadcrumb"},"inLanguage":"es","potentialAction":[{"@type":"ReadAction","target":["https:\/\/almofue.webs.upv.es\/UrbanTUR\/abel-lopez-diez\/"]}]},{"@type":"BreadcrumbList","@id":"https:\/\/almofue.webs.upv.es\/UrbanTUR\/abel-lopez-diez\/#breadcrumb","itemListElement":[{"@type":"ListItem","position":1,"name":"Portada","item":"https:\/\/almofue.webs.upv.es\/UrbanTUR\/"},{"@type":"ListItem","position":2,"name":"Abel L\u00f3pez D\u00edez"}]},{"@type":"WebSite","@id":"https:\/\/almofue.webs.upv.es\/UrbanTUR\/#website","url":"https:\/\/almofue.webs.upv.es\/UrbanTUR\/","name":"Urbantur. Transformando el litoral espa\u00f1ol","description":"Hacia un turismo sostenible y regenerado","potentialAction":[{"@type":"SearchAction","target":{"@type":"EntryPoint","urlTemplate":"https:\/\/almofue.webs.upv.es\/UrbanTUR\/?s={search_term_string}"},"query-input":{"@type":"PropertyValueSpecification","valueRequired":true,"valueName":"search_term_string"}}],"inLanguage":"es"}]}},"_links":{"self":[{"href":"https:\/\/almofue.webs.upv.es\/UrbanTUR\/wp-json\/wp\/v2\/pages\/126","targetHints":{"allow":["GET"]}}],"collection":[{"href":"https:\/\/almofue.webs.upv.es\/UrbanTUR\/wp-json\/wp\/v2\/pages"}],"about":[{"href":"https:\/\/almofue.webs.upv.es\/UrbanTUR\/wp-json\/wp\/v2\/types\/page"}],"author":[{"embeddable":true,"href":"https:\/\/almofue.webs.upv.es\/UrbanTUR\/wp-json\/wp\/v2\/users\/1"}],"replies":[{"embeddable":true,"href":"https:\/\/almofue.webs.upv.es\/UrbanTUR\/wp-json\/wp\/v2\/comments?post=126"}],"version-history":[{"count":5,"href":"https:\/\/almofue.webs.upv.es\/UrbanTUR\/wp-json\/wp\/v2\/pages\/126\/revisions"}],"predecessor-version":[{"id":202,"href":"https:\/\/almofue.webs.upv.es\/UrbanTUR\/wp-json\/wp\/v2\/pages\/126\/revisions\/202"}],"wp:attachment":[{"href":"https:\/\/almofue.webs.upv.es\/UrbanTUR\/wp-json\/wp\/v2\/media?parent=126"}],"curies":[{"name":"wp","href":"https:\/\/api.w.org\/{rel}","templated":true}]}}